{"id":29,"date":"2022-05-29T17:14:03","date_gmt":"2022-05-29T17:14:03","guid":{"rendered":"https:\/\/deaixa.com\/familiaMF\/?page_id=14"},"modified":"2025-08-14T16:59:00","modified_gmt":"2025-08-14T16:59:00","slug":"los-miranda-franco","status":"publish","type":"page","link":"https:\/\/deaixa.com\/genealogia\/","title":{"rendered":"Los Miranda Franco"},"content":{"rendered":"\n<p class=\"has-background\" style=\"background-color:#abb7c238\">La informaci\u00f3n que comparto aqu\u00ed se refiere a dos familias oriundas de Cata\u00f1o, Puerto Rico  con el prop\u00f3sito de enriquecer la apreciaci\u00f3n de nuestra cultura y de nuestras familias.<\/p>\n\n\n<div class=\"wp-block-image\">\n<figure class=\"alignright size-full\"><img loading=\"lazy\" decoding=\"async\" width=\"405\" height=\"604\" src=\"https:\/\/deaixa.com\/genealogia\/wp-content\/uploads\/2022\/12\/LosMirandaFranco.png\" alt=\"\" class=\"wp-image-1222\" srcset=\"https:\/\/deaixa.com\/genealogia\/wp-content\/uploads\/2022\/12\/LosMirandaFranco.png 405w, https:\/\/deaixa.com\/genealogia\/wp-content\/uploads\/2022\/12\/LosMirandaFranco-201x300.png 201w\" sizes=\"auto, (max-width: 405px) 100vw, 405px\" \/><figcaption class=\"wp-element-caption\">Nena, Ernesto y dos de sus hijos en 1928. San Juan, Puerto Rico. <\/figcaption><\/figure>\n<\/div>\n\n\n<p class=\"has-text-align-left has-white-background-color has-background\">Agradezco la ayuda de mi t\u00eda Tatica, mis primas Cusy y Anamaria, y a mi primo Paul y su nieta Lucy, quienes han compartido sus investigaciones y sus recuerdos de nuestros seres queridos. <br><br>Tambi\u00e9n agradezco a la <a href=\"https:\/\/genealogiapr.com\">Sociedad de Genealog\u00eda de Puerto Rico<\/a>, a <a href=\"https:\/\/hcgsmd.org\">Howard County Genealogical Society<\/a>, al <a href=\"https:\/\/www.familysearch.org\/en\/wiki\/Columbia_Maryland_Family_History_Center\" target=\"_blank\" rel=\"noreferrer noopener\">Family History Center de Columbia, Maryland<\/a>, al <a href=\"https:\/\/i4gg.org\" data-type=\"URL\" data-id=\"https:\/\/i4gg.org\">Institute for Genetic Genealogy<\/a>, y al <a href=\"https:\/\/isogg.org\" target=\"_blank\" rel=\"noreferrer noopener\">International Society for Genetic Genealogy<\/a> por las reuniones informativas que me han ayudado a organizar la informaci\u00f3n que comparto aqu\u00ed.<br><br>Las fuentes primarias que encontraran en este sitio provienen de entrevistas a mi familia y documentos de los archivos de la familia Miranda Franco. Los documentos digitalizados de la Iglesia Cat\u00f3lica, los Registros Civiles de Puerto Rico, los Censos de Estados Unidos, se pueden obtener en <a href=\"https:\/\/www.ancestry.com\">ancestry.com<\/a> y en <a href=\"https:\/\/www.familysearch.org\/\">familysearch.com<\/a><br><br>Aixa<\/p>\n\n\n\n<p> <a href=\"https:\/\/deaixa.com\/genealogia\/2023\/03\/09\/el-fan-club-de-catano\/\">Dos de las familias de Cata\u00f1o en este sitio son :<\/a>  <\/p>\n\n\n\n<ul class=\"wp-block-list\">\n<li>las familias Franco y de Jesus <\/li>\n\n\n\n<li>las familias  Manzano y Flores<\/li>\n<\/ul>\n\n\n\n<hr class=\"wp-block-separator has-alpha-channel-opacity is-style-wide\"\/>\n\n\n\n<p>En Hato Rey &#8211; 1960+  Los Miranda- Franco<\/p>\n\n\n\n<figure class=\"wp-block-image size-large\"><img loading=\"lazy\" decoding=\"async\" width=\"1024\" height=\"668\" src=\"https:\/\/deaixa.com\/genealogia\/wp-content\/uploads\/2023\/03\/1958-Nena-Ana-Berna-tito-Rafael-Gallego-Maria-Elena-Francis-Lydia-at-JR-Acosta-1024x668.jpeg\" alt=\"\" class=\"wp-image-1916\" srcset=\"https:\/\/deaixa.com\/genealogia\/wp-content\/uploads\/2023\/03\/1958-Nena-Ana-Berna-tito-Rafael-Gallego-Maria-Elena-Francis-Lydia-at-JR-Acosta-1024x668.jpeg 1024w, https:\/\/deaixa.com\/genealogia\/wp-content\/uploads\/2023\/03\/1958-Nena-Ana-Berna-tito-Rafael-Gallego-Maria-Elena-Francis-Lydia-at-JR-Acosta-300x196.jpeg 300w, https:\/\/deaixa.com\/genealogia\/wp-content\/uploads\/2023\/03\/1958-Nena-Ana-Berna-tito-Rafael-Gallego-Maria-Elena-Francis-Lydia-at-JR-Acosta-768x501.jpeg 768w, https:\/\/deaixa.com\/genealogia\/wp-content\/uploads\/2023\/03\/1958-Nena-Ana-Berna-tito-Rafael-Gallego-Maria-Elena-Francis-Lydia-at-JR-Acosta-1536x1002.jpeg 1536w, https:\/\/deaixa.com\/genealogia\/wp-content\/uploads\/2023\/03\/1958-Nena-Ana-Berna-tito-Rafael-Gallego-Maria-Elena-Francis-Lydia-at-JR-Acosta-2048x1336.jpeg 2048w\" sizes=\"auto, (max-width: 1024px) 100vw, 1024px\" \/><figcaption class=\"wp-element-caption\">Hato Rey en los 1960<\/figcaption><\/figure>\n\n\n\n<figure class=\"wp-block-image size-large\"><img loading=\"lazy\" decoding=\"async\" width=\"1024\" height=\"400\" src=\"https:\/\/deaixa.com\/genealogia\/wp-content\/uploads\/2023\/11\/mapa-puerto-rico-1024x400.png\" alt=\"\" class=\"wp-image-3309\" srcset=\"https:\/\/deaixa.com\/genealogia\/wp-content\/uploads\/2023\/11\/mapa-puerto-rico-1024x400.png 1024w, https:\/\/deaixa.com\/genealogia\/wp-content\/uploads\/2023\/11\/mapa-puerto-rico-300x117.png 300w, https:\/\/deaixa.com\/genealogia\/wp-content\/uploads\/2023\/11\/mapa-puerto-rico-768x300.png 768w, https:\/\/deaixa.com\/genealogia\/wp-content\/uploads\/2023\/11\/mapa-puerto-rico.png 1225w\" sizes=\"auto, (max-width: 1024px) 100vw, 1024px\" \/><\/figure>\n\n\n\n<hr class=\"wp-block-separator has-alpha-channel-opacity is-style-wide\"\/>\n\n\n\n<p class=\"has-white-background-color has-background\">Si tienen alguna informaci\u00f3n para compartir, o corregir, o a\u00f1adir,<a href=\"https:\/\/deaixa.com\/genealogia\/2022\/06\/12\/comentarios\/\"> dejen un comentario en esta p\u00e1gina.<\/a> Gracias.<\/p>\n","protected":false},"excerpt":{"rendered":"<p>La informaci\u00f3n que comparto aqu\u00ed se refiere a dos familias oriundas de Cata\u00f1o, Puerto Rico con el prop\u00f3sito de enriquecer la apreciaci\u00f3n de nuestra cultura y de nuestras familias. Agradezco la ayuda de mi t\u00eda Tatica, mis primas Cusy y Anamaria, y a mi primo Paul y su nieta Lucy, quienes han compartido sus investigaciones y sus recuerdos de nuestros seres queridos. Tambi\u00e9n agradezco a la Sociedad de Genealog\u00eda de Puerto Rico, a Howard County Genealogical Society, al Family History Center de Columbia, Maryland, al Institute for Genetic Genealogy, y al International Society for Genetic Genealogy por las reuniones informativas &hellip; <\/p>\n","protected":false},"author":2,"featured_media":0,"parent":0,"menu_order":0,"comment_status":"closed","ping_status":"closed","template":"","meta":{"_coblocks_attr":"","_coblocks_dimensions":"","_coblocks_responsive_height":"","_coblocks_accordion_ie_support":"","footnotes":""},"class_list":["post-29","page","type-page","status-publish","hentry"],"_links":{"self":[{"href":"https:\/\/deaixa.com\/genealogia\/wp-json\/wp\/v2\/pages\/29","targetHints":{"allow":["GET"]}}],"collection":[{"href":"https:\/\/deaixa.com\/genealogia\/wp-json\/wp\/v2\/pages"}],"about":[{"href":"https:\/\/deaixa.com\/genealogia\/wp-json\/wp\/v2\/types\/page"}],"author":[{"embeddable":true,"href":"https:\/\/deaixa.com\/genealogia\/wp-json\/wp\/v2\/users\/2"}],"replies":[{"embeddable":true,"href":"https:\/\/deaixa.com\/genealogia\/wp-json\/wp\/v2\/comments?post=29"}],"version-history":[{"count":14,"href":"https:\/\/deaixa.com\/genealogia\/wp-json\/wp\/v2\/pages\/29\/revisions"}],"predecessor-version":[{"id":5414,"href":"https:\/\/deaixa.com\/genealogia\/wp-json\/wp\/v2\/pages\/29\/revisions\/5414"}],"wp:attachment":[{"href":"https:\/\/deaixa.com\/genealogia\/wp-json\/wp\/v2\/media?parent=29"}],"curies":[{"name":"wp","href":"https:\/\/api.w.org\/{rel}","templated":true}]}}