{"id":2796,"date":"2019-11-14T22:16:52","date_gmt":"2019-11-14T22:16:52","guid":{"rendered":"https:\/\/bermudezarquitecto.com\/?page_id=2796"},"modified":"2019-11-14T22:16:52","modified_gmt":"2019-11-14T22:16:52","slug":"acerca-de-el-arq-bermudez","status":"publish","type":"page","link":"https:\/\/deaixa.com\/bermudezarquitecto\/acerca-de-el-arq-bermudez\/","title":{"rendered":"Acerca de Ricardo  J. Berm\u00fadez D."},"content":{"rendered":"\n<p>Ricardo  J. Berm\u00fadez D. estudi\u00f3 arquitectura en la Universidad Nacional de Panam\u00e1 y se gradu\u00f3 con honores en 1975,. Luego obtuvo una maestr\u00eda en arquitectura de la Universidad de Pennsylvania en 1978, siendo el segundo Paname\u00f1o en obtener ese grado en esa Universidad.<\/p>\n\n\n\n<p>Desde 1971 trabaj\u00f3 en el taller de arquitectura De Roux, Berm\u00fadez,&nbsp; Brenes. En 1975 se fusiona con su padre para formar la firma Berm\u00fadez Asociados, que luego se denomin\u00f3 Berm\u00fadez, Soriano, Orfila, Arquitectos. Fue socio de la firma Clement &amp; Medina. Al presente es principal en la firma Ricardo J. Bermudez Arquitecto en la Ciudad de Panam\u00e1. <\/p>\n\n\n\n<p>Es miembro de las siguientes instituciones nacionales e internacionales:<\/p>\n\n\n\n<ul class=\"wp-block-list\"><li>Sociedad Paname\u00f1a de Ingenieros y Arquitectos (SPIA), registrado ante la Junta T\u00e9cnica de Ingenier\u00eda y Arquitectura y asesor de varias comisiones dentro de la C\u00e1mara Paname\u00f1a de la Construcci\u00f3n (CAPAC)&nbsp;<\/li><li>Mario Roma\u00f1ach Fellowship de la Universidad de Pennsylvania.<\/li><li>La Asociaci\u00f3n Paname\u00f1a de Ejecutivos de Empresa.<\/li><li>Sociedad Bio\u00e9tica de Panam\u00e1. <\/li><li>Club Rotario de Panam\u00e1.<\/li><li>Arquitecto regional para Am\u00e9rica Latina y el Caribe de la casa automotriz Porsche.<\/li><\/ul>\n\n\n\n<figure class=\"wp-block-image size-large\"><img decoding=\"async\" src=\"https:\/\/deaixa.com\/bermudezarquitecto\/wp-content\/uploads\/2022\/09\/800Articulo_de_Christophorus-749x1024.jpg\" alt=\"\" class=\"wp-image-3037\"\/><\/figure>\n\n\n\n<p><strong><em>&nbsp;<\/em><\/strong>Ha presentado trabajos de an\u00e1lisis en los siguientes eventos:<\/p>\n\n\n\n<ul class=\"wp-block-list\"><li>Conferencia Anual de Ejecutivos de Empresa (CADE \u201994).<\/li><li>Instituto Latinoamericano de Estudios Avanzados (ILDEA 1995, 1996).<\/li><li>VII Congreso Nacional de Arquitectura.<strong><em> <\/em><\/strong>(Panam\u00e1, abril de 1996.)<\/li><li>Club Kiwanis of Panama (1966).<\/li><li>United Nations Development Programme (PNUD 1997)<\/li><li>Seminar on Political Environment. (Veritas Data, 1997)<\/li><li>Forum sobre los efectos Politicos, Sociales y Culturales Effect de el CMA (El Panama Hotel, October 23, 1997)<\/li><li>University Forum on General Implications of the CMA. (National University of Panama, November 26, 1997)<\/li><li>Speaker on the subject of the CMA at the 1998 Panama Congress of the Professors Association of the Republic of Panama (National University, February 13, 1998)<\/li><li>Speaker on the subject of the CMA at the Institute for Studies of the Canal (National University, March 3, 1998)<\/li><li>Speaker on subject of the CMA. APEDE &#8211; Azuero Chapter (Chitr\u00e9, March 5, 1998)<\/li><li>Speaker on the subject of the CMA. Rotary Club of Panama. (March 19, 1998)<\/li><li>Speaker on the subject of the CMA in the Central American Forum of Human Rights. (University Auditorium, April 30, 1998)<\/li><li>Speaker on the subject of the CMA in the Civil Society Forum (El Panama Hotel, May 7, 1998)<\/li><li>Speaker on the reconversion of military bases to the Republic of Panama (National University of Panama, January, 1999)<\/li><li>Speaker on Contaminated Sites in the Republic of Panama (Book Week, September 24, 1999, Technological University of Panama)<\/li><li>Speaker on Contaminated Sites in the Republic of Panama. Rotary Club of Panama. (February 2000)<\/li><li>Speaker on the Development of Reverted areas and contaminated Sites before the Professional Front (El Panama Hotel, March 29, 2000)<\/li><li>Conference on Another Option for the Canal and its future. Rotary Club of Panama. (January 11, 2001) Conference on Another Option for the Canal and its future. Archbishop&#8217;s Office of Panama (March 20, 2001)<\/li><li>Businessmen and Professionals Association of Panama (June 2001)<\/li><li>Women Arquitects Club of Panam\u00e1. (September 2001)<\/li><li>University of Panama (Notes on Bioethics and City Planning, May 2002)<\/li><li>National Congress on Science and Technology (November 2002)<\/li><li>Symposium on Biotethics and the Environment. Expositor on Urban and Suburban Ecology (October 2004)<\/li><li>Porsche Design Workshop (Paris, France) October 2004.<\/li><li>Porsche Design Workshop (Barcelona, Spain) November 2006.<\/li><\/ul>\n\n\n\n<p>Ha participado de las siguientes actividades a nivel nacional:<\/p>\n\n\n\n<ul class=\"wp-block-list\"><li>President of the Trust for the National Symphony Orchestra (1992 @ 1994)<\/li><li>Member of the Presidential Commission for the organization of the trust in charge of the National Library.<\/li><li>Treasurer of the Trust for the National Library.<\/li><li>Member of the Editorial Council of the newspaper, El Universal.<\/li><li>Weekly Columnist on the Opinion Section of the newspaper, La Prensa (1996- 1999)<\/li><li>Weekly Columnist of the Opinion Section of the newspaper, El Panama America (2000 -2002)<\/li><li>Candidate to the second vice presidency of the Republic of Panama on behalf of the Movement Papa Egoro. (May 1994)<\/li><\/ul>\n\n\n\n<p>PROYECTOS ARQUITECTONICOS<\/p>\n\n\n\n<p><strong>Bienes y Raices:<\/strong><br>1.- Villa Lucre Real Estate Development. (Designer of the housing plan)<br>2.- Altos de Balmoral Real Estate Development (City Planning Designer and of the Housing plan)<br>3.- Los Robles Real Estate Development (City Planning Designer and of the housing plan and mall)<br>4.- Casablanca Real Estate Development (Designer of the housing plan)<br>5.- Castilla del Oro Real Estate Development (Designer of the housing plan)<br>6.- Altos de San Judas Real Estate Development (Designer of general plan and housings)<\/p>\n\n\n\n<p><strong> Malls:<\/strong><br>1.- Plaza Tocumen Mall<br>2.- Plaza Carolina Mall<br>3.- Plaza Carolina Norte Mall<br>4.- Plaza Cecilia Mall<br>5.- Plaza El Terrenal Mall (Phases 1,2,3 and 4)<br>6.- Plaza Villa Lucre Mall (Phases 2 and 3)<\/p>\n\n\n\n<p><strong> Edificios Especializados:<\/strong><br>1.- Laboratory for the diagnosis of vesicular diseases (Aphthous)<br>2.- Reforms and additions to the emergency room of the Social Security Fund Hospital.<br>3.- Meat Processing Plant for Kiener Products.<br>4.- Accel-Aguadulce Gas Station.<br>5.- Accel- Cativ\u00e1 Gas Station.<br>6.- Accel- La Chorrera Gas Station.<br>7.- Accel- V\u00eda Tocumen Gas Station.<br>8.- Accel- Santiago Norte Gas Station.<br>9.- Delta Plaza Tocumen Service Center.<br>10.-Central Offices and Workshop yard for Petrolera Nacional, S.A.<br>11.- Building for Isthmus Crossing of Panama. (Fiber optics connection center at Corozal and France Field)<br>12.- Reforms to Multimax at Ricardo J. Alfaro Avenue.<br>13.- Multimax, 50th Street.<br>14.- Furniture City, Plaza El Terronal.<br>15.- Audifoto, Plaza El Terronal.<br>16.- Laboratory of Nanotechnology (Nanodispertions Technology).<\/p>\n\n\n\n<p><strong>Edificios para ventas y  servicio de autos:<\/strong><br>1.- Porsche Center, Panama, Panama<br>2.- Porsche Center, San Jos\u00e9, Costa Rica<br>3.- Porsche Center, Quito,Ecuador<br>4.- Porsche Center, Guatemala, Guatemala.<br>5.- Porsche Center, Bogota, Colombia.<br>6.- Porsche Center, San Salvador, El Salvador.<br>7.- Porsche Center, San Juan, Puerto Rico,<br>8.- Porsche Center, Lima, Peru.<br>9.- Porsche Center La Recova, Buenos Aires, Argentina<br>10.-Porsche Center, Santo Domingo.<br>11.-Porsche Center, Guayaquil, Ecuador.<br>12.-Porsche Center, Santiago de Chile.<br>13.-Porsche Center, Tegucigalpa, Honduras.<br>14.-Porsche Center, Santa Ana, Costa Rica.<br>15.-BMW Santa Ana, San Jose, Costa Rica.<br>16.-BMW Curridabat, San Jose, Costa Rica.<br>17.-BMW Quito, Ecuador<br>18.-Porsche Center, San Pedro Sula.<br>19.-Porsche Center, Cali.<br>20.-Porsche Center, Pereira.<br>21.-Porsche Center, Medellin.<\/p>\n\n\n\n<p><strong> Centros Educacionales:<\/strong><br>1.- Lodging &#8220;Yo Tengo un Amigo&#8221;. (FANLYC)<br>2.- Education complex for disabled persons of CAI-IPHE- CRI.<br>3.- Cultural Center for Soka Gakkai of Panama.<br>4.- Colegio Real de Panam\u00e1<br>5.- Colegio YMCA de Panam\u00e1<br>6.- Colegio Brader. (First and second stage)<\/p>\n\n\n\n<p><strong> Condominios:<\/strong><br>1.- Condominium Bah\u00eda Balboa.<br>2.- Condominium Vista del Este.<br>3.- Condominium Cruz del Sur.<br>4.- Condominium Parque Marbella.<br>5.- Condominium Ocean View.<br>6.- Condominium Altazor.<br>7.- Condominium Brisa Marina.<br>8.- Condominium Pacific Park.<br>9.- Condominium Coral Bay.<br>10.-Condominium Altamira.<br>11.-Condominium Torres de Bella Vista<br>12.-Condominium Aranjuez.<br>13.-Condominium Madelaine.<br>14.-Condominium Casa Orleans.<br>15.-Condominium Torres del Sol.<br>16.-Condominium Torres de la Costa.<br>17.-Condominium Sol del Este.<br>18.-Condominium Costa View.<\/p>\n\n\n\n<p><strong> Residencias:<\/strong><br>1.- Residence of Mr. and Mrs. Juan Ram\u00f3n Poll<br>2.- Residence of Mr. and Mrs. Richard Novey<br>3.- Residence of Dr. and Mrs. Isaac Arauz<br>4.- Residence of Mr. and Mrs. Eloy Benedetti<br>5.- Residencia of Dr. and Mrs. Octavio Medina<br>6.- Villa at Contadora Island for Mara Idone.<br>7.- Picans Residence (Galicia, Spain)<br>8.- Residencia and Prelacy for the Bishop of Bocas del Toro.<br>9.- Residence of Mr. and Mrs. Pascual<br>10.-Beach Residence of Mr. Luis Alberto Arias.<br>11.-Beach Residence of Messrs. Juan and Arturo Vincensini.<br>12.-Beach Residence of Mrs. Iliana Garc\u00eda de Paredes.<br>13.-Residence of Mrs. Carmen Guardia (Volcan, Chiriqui)<br>14.-Quinta Almar (Residence of Alberto and Ligia Berm\u00fadez on Vista Mar)<\/p>\n\n\n\n<p><strong> Complejos Residenciales:<\/strong><br>1.- Villas del Golf.<br>2.- Las Ramblas.<br>3.- Saint Michelle Residential.<br>4.- Closed Residential of Lourdes.<\/p>\n\n\n\n<p><strong> Edificios Comerciales:<\/strong><br>1.- Reforms and additions to Tronlap Tower. (Law firm)<br>2.- Reforms and additions to the law firm Arosemena y D\u00edaz.<br>3.- Plaza Guadalupe. (Law offices)<br>4.- Commercial building for Concreto, S.A.<br>5.- Commercial building for Brickell Plaza.<br>6.- Reforms and additions to GBM Building of Panama.<br>7.- Offices for ICU-RJBD.<\/p>\n\n\n\n<p><strong> Edificios para Bancos:<\/strong><br>1.- Reforms and additions to Banco del Istmo, 50th Street.<br>2.- Reforms and additions tol Banco del Istmo of Parque Lefevre.<br>3.- Reforms and additions to Banco del Istmo of Puerto Armuelles.<br>4.- Reforms and additions to Banco del Istmo of Concepci\u00f3n.<br>5.- Reforms and additions to Banco del Istmo of La Chorrera.<br>6.- Banco del Istmo, Plaza Tocumen branch.<br>7.- Banco del Istmo, Plaza Carolina branch.<br>8.- Interior arquitecture and design of Banco General &#8211; Main office.<br>9.- Plaza Chase, Bethania.<br>10.-Banistmo, Plaza El Terronal.<br>11.-Metrobank, Main Office.<br>12.-International Union Bank.<br>13.-HSBC, Tower of the Americas.<br>14.-HSBC, Plaza El Terronal.<\/p>\n\n\n\n<p><strong>Estudios Multidisciplinarios:<\/strong><br>1.- Touristic and Commercial Concentrated Development Plan for the City of Colon (Arthur D. Little y Asociados- 1980).<br>2.- Strategic Plan for the Touristic Development of Fort Amador (Edward D. Stone y Asociados- 1996)<br>3.- Governmental City of Panama. (October 2001)<\/p>\n","protected":false},"excerpt":{"rendered":"<p>Ricardo J. Berm\u00fadez D. estudi\u00f3 arquitectura en la Universidad Nacional de Panam\u00e1 y se gradu\u00f3 con honores en 1975,. Luego obtuvo una maestr\u00eda en arquitectura de la Universidad de Pennsylvania en 1978, siendo el segundo Paname\u00f1o en obtener ese grado en esa Universidad. Desde 1971 trabaj\u00f3 en el taller de arquitectura De Roux, Berm\u00fadez,&nbsp; Brenes. En 1975 se fusiona con su padre para formar la firma Berm\u00fadez Asociados, que luego se denomin\u00f3 Berm\u00fadez, Soriano, Orfila, Arquitectos. Fue socio de la firma Clement &amp; Medina. Al presente es principal en la firma Ricardo J. Bermudez Arquitecto en la Ciudad de Panam\u00e1. Es miembro de las siguientes<span class=\"more-link-wrap\"><a class=\"more-link\" href=\"https:\/\/deaixa.com\/bermudezarquitecto\/acerca-de-el-arq-bermudez\/\">Continuar leyendo<\/a><\/span><\/p>\n","protected":false},"author":2,"featured_media":3000,"parent":0,"menu_order":0,"comment_status":"closed","ping_status":"closed","template":"","meta":{"footnotes":""},"class_list":["entry","author-webmaster","post-2796","page","type-page","status-publish","has-post-thumbnail"],"_links":{"self":[{"href":"https:\/\/deaixa.com\/bermudezarquitecto\/wp-json\/wp\/v2\/pages\/2796","targetHints":{"allow":["GET"]}}],"collection":[{"href":"https:\/\/deaixa.com\/bermudezarquitecto\/wp-json\/wp\/v2\/pages"}],"about":[{"href":"https:\/\/deaixa.com\/bermudezarquitecto\/wp-json\/wp\/v2\/types\/page"}],"author":[{"embeddable":true,"href":"https:\/\/deaixa.com\/bermudezarquitecto\/wp-json\/wp\/v2\/users\/2"}],"replies":[{"embeddable":true,"href":"https:\/\/deaixa.com\/bermudezarquitecto\/wp-json\/wp\/v2\/comments?post=2796"}],"version-history":[{"count":0,"href":"https:\/\/deaixa.com\/bermudezarquitecto\/wp-json\/wp\/v2\/pages\/2796\/revisions"}],"wp:featuredmedia":[{"embeddable":true,"href":"https:\/\/deaixa.com\/bermudezarquitecto\/wp-json\/"}],"wp:attachment":[{"href":"https:\/\/deaixa.com\/bermudezarquitecto\/wp-json\/wp\/v2\/media?parent=2796"}],"curies":[{"name":"wp","href":"https:\/\/api.w.org\/{rel}","templated":true}]}}